{"id":206,"date":"2011-11-07T12:46:02","date_gmt":"2011-11-07T12:46:02","guid":{"rendered":"https:\/\/yarmilan.com\/?page_id=206"},"modified":"2023-04-17T17:21:20","modified_gmt":"2023-04-17T17:21:20","slug":"welcome","status":"publish","type":"page","link":"https:\/\/yarmilan.com\/fi\/","title":{"rendered":"Welcome"},"content":{"rendered":"<p>[et_pb_section fb_built=&#8221;1&#8243; fullwidth=&#8221;on&#8221; _builder_version=&#8221;4.16&#8243; global_colors_info=&#8221;{}&#8221;][et_pb_fullwidth_slider _builder_version=&#8221;4.16&#8243; header_text_color=&#8221;#ffffff&#8221; body_text_color=&#8221;#ffffff&#8221; background_size=&#8221;initial&#8221; custom_padding=&#8221;|||&#8221; custom_padding_tablet=&#8221;|||&#8221; custom_padding_phone=&#8221;|||&#8221; box_shadow_style=&#8221;preset6&#8243; box_shadow_blur=&#8221;10px&#8221; box_shadow_color=&#8221;rgba(0,0,0,0.1)&#8221; show_inner_shadow=&#8221;on&#8221; global_colors_info=&#8221;{}&#8221; button_text_size__hover_enabled=&#8221;off&#8221; button_one_text_size__hover_enabled=&#8221;off&#8221; button_two_text_size__hover_enabled=&#8221;off&#8221; button_text_color__hover_enabled=&#8221;off&#8221; button_one_text_color__hover_enabled=&#8221;off&#8221; button_two_text_color__hover_enabled=&#8221;off&#8221; button_border_width__hover_enabled=&#8221;off&#8221; button_one_border_width__hover_enabled=&#8221;off&#8221; button_two_border_width__hover_enabled=&#8221;off&#8221; button_border_color__hover_enabled=&#8221;off&#8221; button_one_border_color__hover_enabled=&#8221;off&#8221; button_two_border_color__hover_enabled=&#8221;off&#8221; button_border_radius__hover_enabled=&#8221;off&#8221; button_one_border_radius__hover_enabled=&#8221;off&#8221; button_two_border_radius__hover_enabled=&#8221;off&#8221; button_letter_spacing__hover_enabled=&#8221;off&#8221; button_one_letter_spacing__hover_enabled=&#8221;off&#8221; button_two_letter_spacing__hover_enabled=&#8221;off&#8221; button_bg_color__hover_enabled=&#8221;off&#8221; button_one_bg_color__hover_enabled=&#8221;off&#8221; button_two_bg_color__hover_enabled=&#8221;off&#8221;][et_pb_slide image=&#8221;https:\/\/yarmilan.com\/wp-content\/uploads\/2017\/06\/nettilogo.png&#8221; use_bg_overlay=&#8221;off&#8221; use_text_overlay=&#8221;off&#8221; _builder_version=&#8221;4.16&#8243; header_font=&#8221;||||&#8221; body_font=&#8221;||||&#8221; background_color=&#8221;#ffffff&#8221; background_image=&#8221;https:\/\/yarmilan.com\/wp-content\/uploads\/2011\/11\/ronny_metsa.jpg&#8221; background_size=&#8221;initial&#8221; button_icon_placement=&#8221;right&#8221; button_on_hover=&#8221;on&#8221; global_colors_info=&#8221;{}&#8221; button_text_size__hover_enabled=&#8221;off&#8221; button_one_text_size__hover_enabled=&#8221;off&#8221; button_two_text_size__hover_enabled=&#8221;off&#8221; button_text_color__hover_enabled=&#8221;off&#8221; button_one_text_color__hover_enabled=&#8221;off&#8221; button_two_text_color__hover_enabled=&#8221;off&#8221; button_border_width__hover_enabled=&#8221;off&#8221; button_one_border_width__hover_enabled=&#8221;off&#8221; button_two_border_width__hover_enabled=&#8221;off&#8221; button_border_color__hover_enabled=&#8221;off&#8221; button_one_border_color__hover_enabled=&#8221;off&#8221; button_two_border_color__hover_enabled=&#8221;off&#8221; button_border_radius__hover_enabled=&#8221;off&#8221; button_one_border_radius__hover_enabled=&#8221;off&#8221; button_two_border_radius__hover_enabled=&#8221;off&#8221; button_letter_spacing__hover_enabled=&#8221;off&#8221; button_one_letter_spacing__hover_enabled=&#8221;off&#8221; button_two_letter_spacing__hover_enabled=&#8221;off&#8221; button_bg_color__hover_enabled=&#8221;off&#8221; button_one_bg_color__hover_enabled=&#8221;off&#8221; button_two_bg_color__hover_enabled=&#8221;off&#8221; sticky_transition=&#8221;on&#8221;]<\/p>\n<h1 style=\"text-align: center;\">Welcome to our homepage!<\/h1>\n<p>&nbsp;<\/p>\n<p style=\"text-align: center;\"><span style=\"color: #ffffff;\">\u00a0 <a href=\"https:\/\/yarmilan.com\/about\/\">About us<\/a><a href=\"https:\/\/yarmilan.com\/esittely\/\"><em><\/em><\/a><\/span><br \/> <span style=\"color: #ffffff;\"> <a href=\"https:\/\/yarmilan.com\/project\/\">Our Dogs<\/a> <em><\/em><\/span><br \/> <span style=\"color: #ffffff;\"> <a href=\"https:\/\/yarmilan.com\/puppies\/lhasa-apso-puppies\/%20\">Puppies<\/a><a href=\"https:\/\/yarmilan.com\/pentuja\/lhasa-apso-pentuja\/%20\"><em><\/em><\/a><\/span><br \/> <span style=\"color: #ffffff;\"> <a href=\"https:\/\/yarmilan.com\/blog\/\"><span style=\"color: #ffffff;\">Blog<\/span><\/a><\/span><\/p>\n<p>[\/et_pb_slide][et_pb_slide image=&#8221;https:\/\/yarmilan.com\/wp-content\/uploads\/2017\/06\/nettilogo.png&#8221; use_bg_overlay=&#8221;off&#8221; use_text_overlay=&#8221;off&#8221; _builder_version=&#8221;4.16&#8243; header_font=&#8221;||||&#8221; body_font=&#8221;||||&#8221; background_color=&#8221;#ffffff&#8221; background_image=&#8221;https:\/\/yarmilan.com\/wp-content\/uploads\/2011\/11\/sarah_kaupunki.jpg&#8221; button_icon_placement=&#8221;right&#8221; button_on_hover=&#8221;on&#8221; global_colors_info=&#8221;{}&#8221; button_text_size__hover_enabled=&#8221;off&#8221; button_one_text_size__hover_enabled=&#8221;off&#8221; button_two_text_size__hover_enabled=&#8221;off&#8221; button_text_color__hover_enabled=&#8221;off&#8221; button_one_text_color__hover_enabled=&#8221;off&#8221; button_two_text_color__hover_enabled=&#8221;off&#8221; button_border_width__hover_enabled=&#8221;off&#8221; button_one_border_width__hover_enabled=&#8221;off&#8221; button_two_border_width__hover_enabled=&#8221;off&#8221; button_border_color__hover_enabled=&#8221;off&#8221; button_one_border_color__hover_enabled=&#8221;off&#8221; button_two_border_color__hover_enabled=&#8221;off&#8221; button_border_radius__hover_enabled=&#8221;off&#8221; button_one_border_radius__hover_enabled=&#8221;off&#8221; button_two_border_radius__hover_enabled=&#8221;off&#8221; button_letter_spacing__hover_enabled=&#8221;off&#8221; button_one_letter_spacing__hover_enabled=&#8221;off&#8221; button_two_letter_spacing__hover_enabled=&#8221;off&#8221; button_bg_color__hover_enabled=&#8221;off&#8221; button_one_bg_color__hover_enabled=&#8221;off&#8221; button_two_bg_color__hover_enabled=&#8221;off&#8221; sticky_transition=&#8221;on&#8221;]<\/p>\n<h1 style=\"text-align: center;\">Welcome to our homepage!<\/h1>\n<p>\u00a0<\/p>\n<p style=\"text-align: center;\"><span style=\"color: #ffffff;\">\u00a0 <\/span><span style=\"color: #ffffff;\"> <a href=\"https:\/\/yarmilan.com\/about\/\">About us<\/a> * <a href=\"https:\/\/yarmilan.com\/esittely\/\"><em>Esittely<\/em><\/a><br \/> <a href=\"https:\/\/yarmilan.com\/project\/\">Our Lhasa Apsos<\/a> * <em><a href=\"https:\/\/yarmilan.com\/project\/\">Meid\u00e4n Lhasa Apsot<\/a><\/em><br \/> <a href=\"https:\/\/yarmilan.com\/puppies\/lhasa-apso-puppies\/%20\">Puppies<\/a> * <a href=\"https:\/\/yarmilan.com\/pentuja\/lhasa-apso-pentuja\/%20\"><em>Pentuja<\/em><\/a><br \/> <a href=\"https:\/\/yarmilan.com\/blog\/\">Blog<\/a><\/span><\/p>\n<p>\u00a0<\/p>\n<p>\u00a0<\/p>\n<p>[\/et_pb_slide][\/et_pb_fullwidth_slider][\/et_pb_section][et_pb_section fb_built=&#8221;1&#8243; admin_label=&#8221;section&#8221; _builder_version=&#8221;4.16&#8243; global_colors_info=&#8221;{}&#8221;][et_pb_row column_structure=&#8221;1_3,1_3,1_3&#8243; admin_label=&#8221;row&#8221; _builder_version=&#8221;4.16&#8243; background_size=&#8221;initial&#8221; background_position=&#8221;top_left&#8221; background_repeat=&#8221;repeat&#8221; global_colors_info=&#8221;{}&#8221;][et_pb_column type=&#8221;1_3&#8243; _builder_version=&#8221;4.16&#8243; custom_padding=&#8221;|||&#8221; global_colors_info=&#8221;{}&#8221; custom_padding__hover=&#8221;|||&#8221;][et_pb_text _builder_version=&#8221;4.16&#8243; global_colors_info=&#8221;{}&#8221;]<\/p>\n<h1>For Happy &#038; Healthy Little Tibetans<\/h1>\n<p>[\/et_pb_text][\/et_pb_column][et_pb_column type=&#8221;1_3&#8243; _builder_version=&#8221;4.16&#8243; custom_padding=&#8221;|||&#8221; global_colors_info=&#8221;{}&#8221; custom_padding__hover=&#8221;|||&#8221;][et_pb_text _builder_version=&#8221;4.16&#8243; global_colors_info=&#8221;{}&#8221;]<\/p>\n<div class=\"et_pb_text et_pb_module et_pb_bg_layout_light et_pb_text_align_left et_pb_text_1\">\n<div class=\"et_pb_text_inner\">\n<p>History of our kennel, My interest in Tibetan breeds started when I was a little girl. We had a couple of Borzois back then&#8230; <a href=\"https:\/\/yarmilan.com\/about\/\">read more<\/a><\/p>\n<p><em><\/em><\/p>\n<\/div>\n<\/div>\n<p>[\/et_pb_text][\/et_pb_column][et_pb_column type=&#8221;1_3&#8243; _builder_version=&#8221;4.16&#8243; custom_padding=&#8221;|||&#8221; global_colors_info=&#8221;{}&#8221; custom_padding__hover=&#8221;|||&#8221;][et_pb_text _builder_version=&#8221;4.16&#8243; global_colors_info=&#8221;{}&#8221;]<\/p>\n<div class=\"et_pb_text et_pb_module et_pb_bg_layout_light et_pb_text_align_left et_pb_text_1\">\n<div class=\"et_pb_text et_pb_module et_pb_bg_layout_light et_pb_text_align_left et_pb_text_2\">\n<div class=\"et_pb_text_inner\">\n<p>Contact us *<em> Yhteystiedot<\/em><\/p>\n<p>E-mail: yarmilan@gmail.com<\/p>\n<p><a href=\"https:\/\/www.facebook.com\/Yarmilan\/\">Facebook.com\/Yarmilan<\/a><\/p>\n<p><a href=\"https:\/\/www.youtube.com\/user\/Yarmilan\">YouTube Yarmilan channel<\/a><\/p>\n<\/div>\n<\/div>\n<\/div>\n<p>[\/et_pb_text][\/et_pb_column][\/et_pb_row][\/et_pb_section][et_pb_section fb_built=&#8221;1&#8243; fullwidth=&#8221;on&#8221; _builder_version=&#8221;4.16&#8243; global_colors_info=&#8221;{}&#8221;][et_pb_fullwidth_post_slider posts_number=&#8221;10&#8243; show_meta=&#8221;off&#8221; bg_overlay_color=&#8221;rgba(169,65,15,0.68)&#8221; use_text_overlay=&#8221;off&#8221; _builder_version=&#8221;4.16&#8243; background_color=&#8221;#2ea3f2&#8243; custom_padding=&#8221;|||&#8221; custom_padding_tablet=&#8221;|||&#8221; custom_padding_phone=&#8221;|||&#8221; box_shadow_style=&#8221;preset6&#8243; box_shadow_blur=&#8221;10px&#8221; box_shadow_color=&#8221;rgba(0,0,0,0.1)&#8221; show_inner_shadow=&#8221;on&#8221; global_colors_info=&#8221;{}&#8221; button_text_size__hover_enabled=&#8221;off&#8221; button_one_text_size__hover_enabled=&#8221;off&#8221; button_two_text_size__hover_enabled=&#8221;off&#8221; button_text_color__hover_enabled=&#8221;off&#8221; button_one_text_color__hover_enabled=&#8221;off&#8221; button_two_text_color__hover_enabled=&#8221;off&#8221; button_border_width__hover_enabled=&#8221;off&#8221; button_one_border_width__hover_enabled=&#8221;off&#8221; button_two_border_width__hover_enabled=&#8221;off&#8221; button_border_color__hover_enabled=&#8221;off&#8221; button_one_border_color__hover_enabled=&#8221;off&#8221; button_two_border_color__hover_enabled=&#8221;off&#8221; button_border_radius__hover_enabled=&#8221;off&#8221; button_one_border_radius__hover_enabled=&#8221;off&#8221; button_two_border_radius__hover_enabled=&#8221;off&#8221; button_letter_spacing__hover_enabled=&#8221;off&#8221; button_one_letter_spacing__hover_enabled=&#8221;off&#8221; button_two_letter_spacing__hover_enabled=&#8221;off&#8221; button_bg_color__hover_enabled=&#8221;off&#8221; button_one_bg_color__hover_enabled=&#8221;off&#8221; button_two_bg_color__hover_enabled=&#8221;off&#8221;][\/et_pb_fullwidth_post_slider][\/et_pb_section][et_pb_section fb_built=&#8221;1&#8243; fullwidth=&#8221;on&#8221; _builder_version=&#8221;4.16&#8243; global_colors_info=&#8221;{}&#8221;][et_pb_fullwidth_portfolio title=&#8221;* Meet some of our stars *  Click on the picture to enter their page&#8221; include_categories=&#8221;14&#8243; _builder_version=&#8221;4.16&#8243; global_colors_info=&#8221;{}&#8221;][\/et_pb_fullwidth_portfolio][\/et_pb_section][et_pb_section fb_built=&#8221;1&#8243; _builder_version=&#8221;4.16&#8243; custom_padding=&#8221;0px||0px|||&#8221; global_colors_info=&#8221;{}&#8221;][et_pb_row _builder_version=&#8221;4.16&#8243; global_colors_info=&#8221;{}&#8221;][et_pb_column type=&#8221;4_4&#8243; _builder_version=&#8221;4.16&#8243; global_colors_info=&#8221;{}&#8221;][et_pb_text _builder_version=&#8221;4.16&#8243; global_colors_info=&#8221;{}&#8221;]<\/p>\n<h2>Lhasa boys \u21d1 girls \u21d3<\/h2>\n<p>[\/et_pb_text][\/et_pb_column][\/et_pb_row][\/et_pb_section][et_pb_section fb_built=&#8221;1&#8243; fullwidth=&#8221;on&#8221; _builder_version=&#8221;4.16&#8243; global_colors_info=&#8221;{}&#8221;][et_pb_fullwidth_portfolio include_categories=&#8221;15&#8243; _builder_version=&#8221;4.16&#8243; global_colors_info=&#8221;{}&#8221;][\/et_pb_fullwidth_portfolio][\/et_pb_section][et_pb_section fb_built=&#8221;1&#8243; _builder_version=&#8221;4.16&#8243; global_colors_info=&#8221;{}&#8221;][\/et_pb_section][et_pb_section fb_built=&#8221;1&#8243; _builder_version=&#8221;4.16&#8243; global_colors_info=&#8221;{}&#8221;][et_pb_row column_structure=&#8221;3_5,2_5&#8243; _builder_version=&#8221;4.16&#8243; background_size=&#8221;initial&#8221; background_position=&#8221;top_left&#8221; background_repeat=&#8221;repeat&#8221; global_colors_info=&#8221;{}&#8221;][et_pb_column type=&#8221;3_5&#8243; _builder_version=&#8221;4.16&#8243; custom_padding=&#8221;|||&#8221; global_colors_info=&#8221;{}&#8221; custom_padding__hover=&#8221;|||&#8221;][et_pb_image src=&#8221;https:\/\/yarmilan.com\/wp-content\/uploads\/2016\/05\/DSC_4975.jpg&#8221; _builder_version=&#8221;4.16&#8243; global_colors_info=&#8221;{}&#8221;][\/et_pb_image][\/et_pb_column][et_pb_column type=&#8221;2_5&#8243; _builder_version=&#8221;4.16&#8243; custom_padding=&#8221;|||&#8221; global_colors_info=&#8221;{}&#8221; custom_padding__hover=&#8221;|||&#8221;][et_pb_sidebar area=&#8221;et_pb_widget_area_2&#8243; _builder_version=&#8221;4.16&#8243; global_colors_info=&#8221;{}&#8221;][\/et_pb_sidebar][et_pb_contact_form email=&#8221;yarmilan@gmail.com&#8221; title=&#8221;Contact us &#8221; success_message=&#8221;Thank you for your message, we will get back to you as soon as possible! Kiitos yhteydenotostanne, olemme teihin yhteydess\u00e4 niin pian kuin mahdollista!&#8221; module_id=&#8221;et_pb_contact_form_0&#8243; _builder_version=&#8221;4.16&#8243; _unique_id=&#8221;ab2e3577-d4db-4125-a823-459ce54d2b51&#8243; global_colors_info=&#8221;{}&#8221;][et_pb_contact_field field_id=&#8221;Name&#8221; field_title=&#8221;Name&#8221; _builder_version=&#8221;4.16&#8243; global_colors_info=&#8221;{}&#8221; button_text_size__hover_enabled=&#8221;off&#8221; button_one_text_size__hover_enabled=&#8221;off&#8221; button_two_text_size__hover_enabled=&#8221;off&#8221; button_text_color__hover_enabled=&#8221;off&#8221; button_one_text_color__hover_enabled=&#8221;off&#8221; button_two_text_color__hover_enabled=&#8221;off&#8221; button_border_width__hover_enabled=&#8221;off&#8221; button_one_border_width__hover_enabled=&#8221;off&#8221; button_two_border_width__hover_enabled=&#8221;off&#8221; button_border_color__hover_enabled=&#8221;off&#8221; button_one_border_color__hover_enabled=&#8221;off&#8221; button_two_border_color__hover_enabled=&#8221;off&#8221; button_border_radius__hover_enabled=&#8221;off&#8221; button_one_border_radius__hover_enabled=&#8221;off&#8221; button_two_border_radius__hover_enabled=&#8221;off&#8221; button_letter_spacing__hover_enabled=&#8221;off&#8221; button_one_letter_spacing__hover_enabled=&#8221;off&#8221; button_two_letter_spacing__hover_enabled=&#8221;off&#8221; button_bg_color__hover_enabled=&#8221;off&#8221; button_one_bg_color__hover_enabled=&#8221;off&#8221; button_two_bg_color__hover_enabled=&#8221;off&#8221;][\/et_pb_contact_field][et_pb_contact_field field_id=&#8221;Email&#8221; field_title=&#8221;Email Address&#8221; field_type=&#8221;email&#8221; _builder_version=&#8221;4.16&#8243; global_colors_info=&#8221;{}&#8221; button_text_size__hover_enabled=&#8221;off&#8221; button_one_text_size__hover_enabled=&#8221;off&#8221; button_two_text_size__hover_enabled=&#8221;off&#8221; button_text_color__hover_enabled=&#8221;off&#8221; button_one_text_color__hover_enabled=&#8221;off&#8221; button_two_text_color__hover_enabled=&#8221;off&#8221; button_border_width__hover_enabled=&#8221;off&#8221; button_one_border_width__hover_enabled=&#8221;off&#8221; button_two_border_width__hover_enabled=&#8221;off&#8221; button_border_color__hover_enabled=&#8221;off&#8221; button_one_border_color__hover_enabled=&#8221;off&#8221; button_two_border_color__hover_enabled=&#8221;off&#8221; button_border_radius__hover_enabled=&#8221;off&#8221; button_one_border_radius__hover_enabled=&#8221;off&#8221; button_two_border_radius__hover_enabled=&#8221;off&#8221; button_letter_spacing__hover_enabled=&#8221;off&#8221; button_one_letter_spacing__hover_enabled=&#8221;off&#8221; button_two_letter_spacing__hover_enabled=&#8221;off&#8221; button_bg_color__hover_enabled=&#8221;off&#8221; button_one_bg_color__hover_enabled=&#8221;off&#8221; button_two_bg_color__hover_enabled=&#8221;off&#8221;][\/et_pb_contact_field][et_pb_contact_field field_id=&#8221;Message&#8221; field_title=&#8221;Message&#8221; field_type=&#8221;text&#8221; fullwidth_field=&#8221;on&#8221; _builder_version=&#8221;4.16&#8243; global_colors_info=&#8221;{}&#8221; button_text_size__hover_enabled=&#8221;off&#8221; button_one_text_size__hover_enabled=&#8221;off&#8221; button_two_text_size__hover_enabled=&#8221;off&#8221; button_text_color__hover_enabled=&#8221;off&#8221; button_one_text_color__hover_enabled=&#8221;off&#8221; button_two_text_color__hover_enabled=&#8221;off&#8221; button_border_width__hover_enabled=&#8221;off&#8221; button_one_border_width__hover_enabled=&#8221;off&#8221; button_two_border_width__hover_enabled=&#8221;off&#8221; button_border_color__hover_enabled=&#8221;off&#8221; button_one_border_color__hover_enabled=&#8221;off&#8221; button_two_border_color__hover_enabled=&#8221;off&#8221; button_border_radius__hover_enabled=&#8221;off&#8221; button_one_border_radius__hover_enabled=&#8221;off&#8221; button_two_border_radius__hover_enabled=&#8221;off&#8221; button_letter_spacing__hover_enabled=&#8221;off&#8221; button_one_letter_spacing__hover_enabled=&#8221;off&#8221; button_two_letter_spacing__hover_enabled=&#8221;off&#8221; button_bg_color__hover_enabled=&#8221;off&#8221; button_one_bg_color__hover_enabled=&#8221;off&#8221; button_two_bg_color__hover_enabled=&#8221;off&#8221;][\/et_pb_contact_field][\/et_pb_contact_form][\/et_pb_column][\/et_pb_row][\/et_pb_section]<\/p>\n","protected":false},"excerpt":{"rendered":"<p>Welcome to our homepage! &nbsp; \u00a0 About us Our Dogs Puppies BlogWelcome to our homepage! \u00a0 \u00a0 About us * Esittely Our Lhasa Apsos * Meid\u00e4n Lhasa Apsot Puppies * Pentuja Blog \u00a0 \u00a0For Happy &#038; Healthy Little Tibetans History of our kennel, My interest in Tibetan breeds started when I was a little girl. [&hellip;]<\/p>\n","protected":false},"author":1,"featured_media":0,"parent":0,"menu_order":0,"comment_status":"closed","ping_status":"open","template":"","meta":{"_et_pb_use_builder":"on","_et_pb_old_content":"<p>[SlickSlider name=\"etusivu\"]<\/p><div><p>[wpcol_2third id=\"\" class=\"\" style=\"\"]<\/p><p>\u00a0<\/p><h2>Welcome to our homepages!<\/h2><p>You can find pictures of our dogs and read about our history in purebred dogs and our philosophies of breeding. Hope you enjoy browsing around and come back to check the latest updates.<\/p><p style=\"text-align: center;\">***<\/p><h2>Tervetuloa kotisivuillemme!<\/h2><p>L\u00f6yd\u00e4tte n\u00e4ilt\u00e4 sivuilta kuvia koiristamme ja voitte lukea koirahistoriastamme ja kasvatusperiaatteistamme. Toivottavasti viihdytte ja tulette uudestaan katsomaan mit\u00e4 p\u00e4ivityksi\u00e4 olemme tehneet.[\/wpcol_2third]<\/p><p>[wpcol_1third_end id=\"\" class=\"\" style=\"\"]<\/p>[caption id=\"attachment_1590\" align=\"alignnone\" width=\"150\"]<a href=\"http:\/\/www.turkinhoito.com\"><img class=\"size-thumbnail wp-image-1590\" src=\"https:\/\/yarmilan.com\/wp-content\/uploads\/2011\/11\/fb_profiili-150x150.jpg\" alt=\"Turkinhoito.com\" width=\"150\" height=\"150\" \/><\/a> Yarmilan koirien turkit hoitaa Turkinhoito.com[\/caption]<\/div><p>[\/wpcol_1third_end]<\/p><p><a href=\"https:\/\/yarmilan.com\/wp-content\/uploads\/2011\/11\/valiviiva.jpg\"><img class=\"size-full wp-image-433 aligncenter\" title=\"valiviiva\" src=\"https:\/\/yarmilan.com\/wp-content\/uploads\/2011\/11\/valiviiva-e1327856323874.jpg\" alt=\"\" width=\"600\" height=\"61\" \/><\/a><\/p><p>[wpcol_1third id=\"\" class=\"\" style=\"\"]<\/p><h4><a href=\"https:\/\/yarmilan.com\/wp-content\/uploads\/2015\/05\/11130090_964945196849863_2808881471743189559_n.jpg\"><img class=\"alignnone size-thumbnail wp-image-1615\" src=\"https:\/\/yarmilan.com\/wp-content\/uploads\/2015\/05\/11130090_964945196849863_2808881471743189559_n-150x150.jpg\" alt=\"Bedlington Terrier puppies\" width=\"150\" height=\"150\" \/><\/a><\/h4><p>[\/wpcol_1third]<\/p><p>[wpcol_1third id=\"\" class=\"\" style=\"\"]<\/p><h4><a title=\"Lhasa apso puppies\" href=\"https:\/\/yarmilan.com\/puppies\/bedlington-terrier-puppies\/\">Our first Bedlington Terrier litter!<\/a><\/h4><p>We have our very first Bedlington Terrier litter. Five fantastic boys were born 4th of April 2015.<\/p><p>[\/wpcol_1third]<\/p><p>[wpcol_1third_end id=\"\" class=\"\" style=\"\"]<\/p><h4><a title=\"Lhasa apso pentuja\" href=\"https:\/\/yarmilan.com\/pentuja\/bedlingtoninterrieripentuja\/\">Meill\u00e4 on pentuja!<\/a><\/h4><p>Meid\u00e4n ensimm\u00e4inen bedlingtoninterrieri pentue on syntynyt. Viisi upeaa pentua syntyi 4.4.2015.<\/p><p>[\/wpcol_1third_end]<\/p><p>\u00a0<\/p><address>\u00a0<\/address>","_et_gb_content_width":"","footnotes":""},"class_list":["post-206","page","type-page","status-publish","hentry"],"_links":{"self":[{"href":"https:\/\/yarmilan.com\/fi\/wp-json\/wp\/v2\/pages\/206","targetHints":{"allow":["GET"]}}],"collection":[{"href":"https:\/\/yarmilan.com\/fi\/wp-json\/wp\/v2\/pages"}],"about":[{"href":"https:\/\/yarmilan.com\/fi\/wp-json\/wp\/v2\/types\/page"}],"author":[{"embeddable":true,"href":"https:\/\/yarmilan.com\/fi\/wp-json\/wp\/v2\/users\/1"}],"replies":[{"embeddable":true,"href":"https:\/\/yarmilan.com\/fi\/wp-json\/wp\/v2\/comments?post=206"}],"version-history":[{"count":90,"href":"https:\/\/yarmilan.com\/fi\/wp-json\/wp\/v2\/pages\/206\/revisions"}],"predecessor-version":[{"id":3294,"href":"https:\/\/yarmilan.com\/fi\/wp-json\/wp\/v2\/pages\/206\/revisions\/3294"}],"wp:attachment":[{"href":"https:\/\/yarmilan.com\/fi\/wp-json\/wp\/v2\/media?parent=206"}],"curies":[{"name":"wp","href":"https:\/\/api.w.org\/{rel}","templated":true}]}}